{"id":1124,"date":"2018-06-28T03:34:46","date_gmt":"2018-06-28T00:34:46","guid":{"rendered":"http:\/\/mimsan.com.tr\/contact\/"},"modified":"2018-06-28T03:37:23","modified_gmt":"2018-06-28T00:37:23","slug":"contact","status":"publish","type":"page","link":"https:\/\/mimsan.com.tr\/en\/contact\/","title":{"rendered":"contact"},"content":{"rendered":"<p>[vc_row full_width=&#8221;0&#8243; full_height=&#8221;0&#8243; row_padding=&#8221;no_padding&#8221; particles=&#8221;0&#8243; css=&#8221;.vc_custom_1529317789189{margin-bottom: 100px !important;background-color: #ffffff !important;}&#8221;][vc_column width=&#8221;1\/2&#8243; heading_align=&#8221;text-center&#8221; color_set=&#8221;secondary_section&#8221; boxed=&#8221;boxed_plus&#8221; margin=&#8221;margin_bottom_grid&#8221;]\n<div class=\"wpcf7 no-js\" id=\"wpcf7-f5-o1\" lang=\"tr-TR\" dir=\"ltr\">\n<div class=\"screen-reader-response\"><p role=\"status\" aria-live=\"polite\" aria-atomic=\"true\"><\/p> <ul><\/ul><\/div>\n<form action=\"\/en\/wp-json\/wp\/v2\/pages\/1124#wpcf7-f5-o1\" method=\"post\" class=\"wpcf7-form init\" aria-label=\"\u0130leti\u015fim Formu\" novalidate=\"novalidate\" data-status=\"init\">\n<div style=\"display: none;\">\n<input type=\"hidden\" name=\"_wpcf7\" value=\"5\" \/>\n<input type=\"hidden\" name=\"_wpcf7_version\" value=\"5.9.8\" \/>\n<input type=\"hidden\" name=\"_wpcf7_locale\" value=\"tr_TR\" \/>\n<input type=\"hidden\" name=\"_wpcf7_unit_tag\" value=\"wpcf7-f5-o1\" \/>\n<input type=\"hidden\" name=\"_wpcf7_container_post\" value=\"0\" \/>\n<input type=\"hidden\" name=\"_wpcf7_posted_data_hash\" value=\"\" \/>\n<\/div>\n<p><label> Name (required)<br \/>\n<span class=\"wpcf7-form-control-wrap\" data-name=\"your-name\"><input size=\"40\" maxlength=\"400\" class=\"wpcf7-form-control wpcf7-form-control form-control wpcf7-validates-as-required\" aria-required=\"true\" aria-invalid=\"false\" value=\"\" type=\"text\" name=\"your-name\" \/><\/span> <\/label>\n<\/p>\n<p><label> Email (required)<br \/>\n<span class=\"wpcf7-form-control-wrap\" data-name=\"your-email\"><input size=\"40\" maxlength=\"400\" class=\"wpcf7-form-control wpcf7-form-control form-control wpcf7-validates-as-required wpcf7-form-control form-control wpcf7-validates-as-email\" aria-required=\"true\" aria-invalid=\"false\" value=\"\" type=\"email\" name=\"your-email\" \/><\/span> <\/label>\n<\/p>\n<p><label> Subject<br \/>\n<span class=\"wpcf7-form-control-wrap\" data-name=\"your-subject\"><input size=\"40\" maxlength=\"400\" class=\"wpcf7-form-control wpcf7-form-control form-control\" aria-invalid=\"false\" value=\"\" type=\"text\" name=\"your-subject\" \/><\/span> <\/label>\n<\/p>\n<p><label> Message<br \/>\n<span class=\"wpcf7-form-control-wrap\" data-name=\"your-message\"><textarea cols=\"40\" rows=\"10\" maxlength=\"2000\" class=\"wpcf7-form-control wpcf7-form-control wpcf7-form-control form-control\" aria-invalid=\"false\" name=\"your-message\"><\/textarea><\/span> <\/label>\n<\/p>\n<p><input class=\"wpcf7-form-control wpcf7-submit btn btn-primary has-spinner\" type=\"submit\" value=\"Send\" \/>\n<\/p><input type='hidden' class='wpcf7-pum' value='{\"closepopup\":false,\"closedelay\":0,\"openpopup\":false,\"openpopup_id\":0}' \/><div class=\"wpcf7-response-output\" aria-hidden=\"true\"><\/div>\n<\/form>\n<\/div>\n[vc_empty_space][\/vc_column][vc_column width=&#8221;1\/2&#8243; heading_align=&#8221;text-center&#8221; boxed=&#8221;boxed_plus&#8221;][vc_single_image image=&#8221;601&#8243; img_size=&#8221;&#8221;][vc_text_separator title=&#8221;Contact Us&#8221; title_align=&#8221;separator_align_left&#8221;][vc_column_text]<\/p>\n<pre id=\"tw-target-text\" class=\"tw-data-text tw-ta tw-text-small\" dir=\"ltr\" data-placeholder=\"\u00c7eviri\" data-fulltext=\"\">Please contact us so that we can serve you better.<\/pre>\n<p style=\"margin: 0px 0px 10px; color: #000000; font-family: Montserrat, sans-serif;\"><b>Telephone :\u00a0<\/b>+90 212 771 13 30(pbx)<\/p>\n<p style=\"margin: 15px 0px 10px; color: #000000; font-family: Montserrat, sans-serif;\"><b>Fax :\u00a0<\/b>+90 212 771 13 31-32<\/p>\n<p style=\"margin: 15px 0px 10px; color: #000000; font-family: Montserrat, sans-serif;\"><b>Email :\u00a0<\/b>konveyor@mimsan.com.tr<\/p>\n<p style=\"margin: 15px 0px 10px; color: #000000; font-family: Montserrat, sans-serif;\"><b>Adress :\u00a0<\/b>\u00d6merli Mah. Uzun\u00e7ay\u0131r Cad. No:15 Had\u0131mk\u00f6y \/ Arnavutk\u00f6y\/ \u0130stanbul \/ T\u00fcrkiye<\/p>\n<p>[\/vc_column_text][\/vc_column][\/vc_row]<\/p>\n","protected":false},"excerpt":{"rendered":"<p>[vc_row full_width=&#8221;0&#8243; full_height=&#8221;0&#8243; row_padding=&#8221;no_padding&#8221; particles=&#8221;0&#8243; css=&#8221;.vc_custom_1529317789189{margin-bottom: 100px !important;background-color: #ffffff !important;}&#8221;][vc_column width=&#8221;1\/2&#8243; heading_align=&#8221;text-center&#8221; color_set=&#8221;secondary_section&#8221; boxed=&#8221;boxed_plus&#8221; margin=&#8221;margin_bottom_grid&#8221;][vc_empty_space][\/vc_column][vc_column width=&#8221;1\/2&#8243; heading_align=&#8221;text-center&#8221; boxed=&#8221;boxed_plus&#8221;][vc_single_image image=&#8221;601&#8243; img_size=&#8221;&#8221;][vc_text_separator title=&#8221;Contact Us&#8221; title_align=&#8221;separator_align_left&#8221;][vc_column_text] Please contact us so that we can serve you better. Telephone :\u00a0+90 212 771 13 30(pbx) Fax :\u00a0+90 212 771 13 31-32 Email :\u00a0konveyor@mimsan.com.tr Adress :\u00a0\u00d6merli Mah. Uzun\u00e7ay\u0131r Cad. No:15 Had\u0131mk\u00f6y \/ [&hellip;]<\/p>\n","protected":false},"author":1,"featured_media":0,"parent":0,"menu_order":0,"comment_status":"closed","ping_status":"closed","template":"","meta":{"footnotes":""},"class_list":["post-1124","page","type-page","status-publish","hentry"],"_links":{"self":[{"href":"https:\/\/mimsan.com.tr\/en\/wp-json\/wp\/v2\/pages\/1124"}],"collection":[{"href":"https:\/\/mimsan.com.tr\/en\/wp-json\/wp\/v2\/pages"}],"about":[{"href":"https:\/\/mimsan.com.tr\/en\/wp-json\/wp\/v2\/types\/page"}],"author":[{"embeddable":true,"href":"https:\/\/mimsan.com.tr\/en\/wp-json\/wp\/v2\/users\/1"}],"replies":[{"embeddable":true,"href":"https:\/\/mimsan.com.tr\/en\/wp-json\/wp\/v2\/comments?post=1124"}],"version-history":[{"count":5,"href":"https:\/\/mimsan.com.tr\/en\/wp-json\/wp\/v2\/pages\/1124\/revisions"}],"predecessor-version":[{"id":1129,"href":"https:\/\/mimsan.com.tr\/en\/wp-json\/wp\/v2\/pages\/1124\/revisions\/1129"}],"wp:attachment":[{"href":"https:\/\/mimsan.com.tr\/en\/wp-json\/wp\/v2\/media?parent=1124"}],"curies":[{"name":"wp","href":"https:\/\/api.w.org\/{rel}","templated":true}]}}