{"id":488,"date":"2018-06-18T11:02:18","date_gmt":"2018-06-18T08:02:18","guid":{"rendered":"http:\/\/mimsan.com.tr\/?page_id=488"},"modified":"2018-06-28T01:21:54","modified_gmt":"2018-06-27T22:21:54","slug":"sektorler","status":"publish","type":"page","link":"https:\/\/mimsan.com.tr\/tr\/sektorler\/","title":{"rendered":"SEKT\u00d6RLER"},"content":{"rendered":"<p>[vc_row][vc_column width=&#8221;1\/2&#8243;][vc_hoverbox image=&#8221;527&#8243; primary_title=&#8221;Cam Sekt\u00f6r\u00fc&#8221; primary_title_font_container=&#8221;color:%23ffffff&#8221; primary_title_use_theme_fonts=&#8221;yes&#8221; hover_title=&#8221;Cam Sekt\u00f6r\u00fc&#8221; shape=&#8221;square&#8221; hover_btn_title=&#8221;Detayl\u0131 Bilgi&#8221; use_custom_fonts_primary_title=&#8221;true&#8221; hover_add_button=&#8221;true&#8221; css=&#8221;.vc_custom_1529574860744{margin-bottom: 50px !important;}&#8221; primary_title_link=&#8221;url:http%3A%2F%2Fmimsan.com.tr%2Ftr%2Fcam-sektoru%2F|||&#8221; hover_btn_link=&#8221;url:http%3A%2F%2Fmimsan.com.tr%2Ftr%2Fcam-sektoru%2F|||&#8221;]Cam, d\u00fcnyan\u0131n en eski ve olgun malzemelerinden biri olmas\u0131na kar\u015f\u0131n, ola\u011fan\u00fcst\u00fc \u00f6zellikleri ile gelece\u011fi \u015fekillendirecek olan sekt\u00f6rlere y\u00f6n vermektedir.[\/vc_hoverbox][vc_hoverbox image=&#8221;529&#8243; primary_title=&#8221;Beyaz E\u015fya Sekt\u00f6r\u00fc&#8221; primary_title_font_container=&#8221;color:%23ffffff&#8221; primary_title_use_theme_fonts=&#8221;yes&#8221; hover_title=&#8221;Beyaz E\u015fya Sekt\u00f6r\u00fc&#8221; shape=&#8221;square&#8221; hover_btn_title=&#8221;Detayl\u0131 Bilgi&#8221; use_custom_fonts_primary_title=&#8221;true&#8221; hover_add_button=&#8221;true&#8221; css=&#8221;.vc_custom_1529574900365{margin-bottom: 50px !important;}&#8221; primary_title_link=&#8221;url:http%3A%2F%2Fmimsan.com.tr%2Ftr%2Fbeyaz-esya-sektoru%2F|||&#8221; hover_btn_link=&#8221;url:http%3A%2F%2Fmimsan.com.tr%2Ftr%2Fbeyaz-esya-sektoru%2F|||&#8221;]Elektrikli ev aletleri ve ayn\u0131 zamanda dayan\u0131kl\u0131 t\u00fcketim mallar\u0131 kapsam\u0131na giren Beyaz E\u015fya Sekt\u00f6r\u00fc, sahip oldu\u011fu farkl\u0131&#8230;[\/vc_hoverbox][vc_hoverbox image=&#8221;742&#8243; primary_title=&#8221;Lojistik ve Depolama Sekt\u00f6r\u00fc&#8221; primary_title_font_container=&#8221;color:%23ffffff&#8221; primary_title_use_theme_fonts=&#8221;yes&#8221; hover_title=&#8221;Lojistik ve Depolama Sekt\u00f6r\u00fc&#8221; shape=&#8221;square&#8221; hover_btn_title=&#8221;Detayl\u0131 Bilgi&#8221; use_custom_fonts_primary_title=&#8221;true&#8221; hover_add_button=&#8221;true&#8221; css=&#8221;.vc_custom_1529575291640{margin-bottom: 50px !important;}&#8221; primary_title_link=&#8221;url:http%3A%2F%2Fmimsan.com.tr%2Ftr%2Flojistik-ve-depolama-sektoru%2F|||&#8221; hover_btn_link=&#8221;url:http%3A%2F%2Fmimsan.com.tr%2Ftr%2Flojistik-ve-depolama-sektoru%2F|||&#8221;]Ta\u015f\u0131ma\/lojistik sekt\u00f6r\u00fcn\u00fcn temel amac\u0131 ta\u015f\u0131ma talebini, m\u00fcmk\u00fcn olan en k\u0131sa zaman da ve en az maliyetle, g\u00fcvenli bir \u015fekilde sunmakt\u0131r.[\/vc_hoverbox][\/vc_column][vc_column width=&#8221;1\/2&#8243;][vc_hoverbox image=&#8221;528&#8243; primary_title=&#8221;Otomotiv Sekt\u00f6r\u00fc&#8221; primary_title_font_container=&#8221;color:%23ffffff&#8221; primary_title_use_theme_fonts=&#8221;yes&#8221; hover_title=&#8221;Otomotiv Sekt\u00f6r\u00fc&#8221; shape=&#8221;square&#8221; hover_btn_title=&#8221;Detayl\u0131 Bilgi&#8221; use_custom_fonts_primary_title=&#8221;true&#8221; hover_add_button=&#8221;true&#8221; css=&#8221;.vc_custom_1529575226996{margin-bottom: 50px !important;}&#8221; primary_title_link=&#8221;url:http%3A%2F%2Fmimsan.com.tr%2Ftr%2Fotomotiv-sektoru%2F|||&#8221; hover_btn_link=&#8221;url:http%3A%2F%2Fmimsan.com.tr%2Ftr%2Fotomotiv-sektoru%2F|||&#8221;]Otomotiv Ana Sanayi ve Otomotiv Yan Sanayi \u00fclkemizin \u00f6nemli temel ta\u015flar\u0131ndan biridir. Sekt\u00f6r i\u00e7in<br \/>\nbinek otomobil, otob\u00fcs&#8230;[\/vc_hoverbox][vc_hoverbox image=&#8221;1022&#8243; primary_title=&#8221;Di\u011fer Sekt\u00f6rler&#8221; primary_title_font_container=&#8221;color:%23ffffff&#8221; primary_title_use_theme_fonts=&#8221;yes&#8221; hover_title=&#8221;Di\u011fer Sekt\u00f6rler&#8221; shape=&#8221;square&#8221; hover_btn_title=&#8221;Detayl\u0131 Bilgi&#8221; use_custom_fonts_primary_title=&#8221;true&#8221; hover_add_button=&#8221;true&#8221; css=&#8221;.vc_custom_1530138107302{margin-bottom: 50px !important;}&#8221; primary_title_link=&#8221;url:http%3A%2F%2Fmimsan.com.tr%2Ftr%2Fgida-ve-diger-sektorler%2F|||&#8221; hover_btn_link=&#8221;url:http%3A%2F%2Fmimsan.com.tr%2Ftr%2Fgida-ve-diger-sektorler%2F|||&#8221;]G\u0131da sekt\u00f6r\u00fc g\u00fcn\u00fcm\u00fczde insan n\u00fcfusunun artmas\u0131 ve bu artan n\u00fcfusla birlikte piyasadaki di\u011fer sekt\u00f6rlerin&#8230;[\/vc_hoverbox][\/vc_column][\/vc_row]<\/p>\n","protected":false},"excerpt":{"rendered":"<p>[vc_row][vc_column width=&#8221;1\/2&#8243;][vc_hoverbox image=&#8221;527&#8243; primary_title=&#8221;Cam Sekt\u00f6r\u00fc&#8221; primary_title_font_container=&#8221;color:%23ffffff&#8221; primary_title_use_theme_fonts=&#8221;yes&#8221; hover_title=&#8221;Cam Sekt\u00f6r\u00fc&#8221; shape=&#8221;square&#8221; hover_btn_title=&#8221;Detayl\u0131 Bilgi&#8221; use_custom_fonts_primary_title=&#8221;true&#8221; hover_add_button=&#8221;true&#8221; css=&#8221;.vc_custom_1529574860744{margin-bottom: 50px !important;}&#8221; primary_title_link=&#8221;url:http%3A%2F%2Fmimsan.com.tr%2Ftr%2Fcam-sektoru%2F|||&#8221; hover_btn_link=&#8221;url:http%3A%2F%2Fmimsan.com.tr%2Ftr%2Fcam-sektoru%2F|||&#8221;]Cam, d\u00fcnyan\u0131n en eski ve olgun malzemelerinden biri olmas\u0131na kar\u015f\u0131n, ola\u011fan\u00fcst\u00fc \u00f6zellikleri ile gelece\u011fi \u015fekillendirecek olan sekt\u00f6rlere y\u00f6n vermektedir.[\/vc_hoverbox][vc_hoverbox image=&#8221;529&#8243; primary_title=&#8221;Beyaz E\u015fya Sekt\u00f6r\u00fc&#8221; primary_title_font_container=&#8221;color:%23ffffff&#8221; primary_title_use_theme_fonts=&#8221;yes&#8221; hover_title=&#8221;Beyaz E\u015fya Sekt\u00f6r\u00fc&#8221; shape=&#8221;square&#8221; hover_btn_title=&#8221;Detayl\u0131 Bilgi&#8221; use_custom_fonts_primary_title=&#8221;true&#8221; hover_add_button=&#8221;true&#8221; css=&#8221;.vc_custom_1529574900365{margin-bottom: 50px !important;}&#8221; primary_title_link=&#8221;url:http%3A%2F%2Fmimsan.com.tr%2Ftr%2Fbeyaz-esya-sektoru%2F|||&#8221; [&hellip;]<\/p>\n","protected":false},"author":1,"featured_media":450,"parent":0,"menu_order":0,"comment_status":"closed","ping_status":"closed","template":"","meta":{"footnotes":""},"class_list":["post-488","page","type-page","status-publish","has-post-thumbnail","hentry"],"_links":{"self":[{"href":"https:\/\/mimsan.com.tr\/tr\/wp-json\/wp\/v2\/pages\/488"}],"collection":[{"href":"https:\/\/mimsan.com.tr\/tr\/wp-json\/wp\/v2\/pages"}],"about":[{"href":"https:\/\/mimsan.com.tr\/tr\/wp-json\/wp\/v2\/types\/page"}],"author":[{"embeddable":true,"href":"https:\/\/mimsan.com.tr\/tr\/wp-json\/wp\/v2\/users\/1"}],"replies":[{"embeddable":true,"href":"https:\/\/mimsan.com.tr\/tr\/wp-json\/wp\/v2\/comments?post=488"}],"version-history":[{"count":22,"href":"https:\/\/mimsan.com.tr\/tr\/wp-json\/wp\/v2\/pages\/488\/revisions"}],"predecessor-version":[{"id":1023,"href":"https:\/\/mimsan.com.tr\/tr\/wp-json\/wp\/v2\/pages\/488\/revisions\/1023"}],"wp:featuredmedia":[{"embeddable":true,"href":"https:\/\/mimsan.com.tr\/tr\/wp-json\/wp\/v2\/media\/450"}],"wp:attachment":[{"href":"https:\/\/mimsan.com.tr\/tr\/wp-json\/wp\/v2\/media?parent=488"}],"curies":[{"name":"wp","href":"https:\/\/api.w.org\/{rel}","templated":true}]}}