{"id":745,"date":"2018-06-21T11:27:03","date_gmt":"2018-06-21T08:27:03","guid":{"rendered":"http:\/\/mimsan.com.tr\/?page_id=745"},"modified":"2018-09-26T13:51:36","modified_gmt":"2018-09-26T10:51:36","slug":"otomotiv-sektoru","status":"publish","type":"page","link":"https:\/\/mimsan.com.tr\/tr\/otomotiv-sektoru\/","title":{"rendered":"Otomotiv Sekt\u00f6r\u00fc"},"content":{"rendered":"<p>[vc_row full_width=&#8221;0&#8243; full_height=&#8221;0&#8243; row_padding=&#8221;no_top_padding&#8221; particles=&#8221;0&#8243;][vc_column][vc_single_image image=&#8221;746&#8243; img_size=&#8221;full&#8221; alignment=&#8221;center&#8221; css=&#8221;.vc_custom_1529569317988{margin-bottom: 50px !important;}&#8221;][vc_column_text css=&#8221;.vc_custom_1537959083227{margin-bottom: 50px !important;}&#8221;]<\/p>\n<h3>OTOMOT\u0130V SEKT\u00d6R\u00dc<\/h3>\n<p>Otomotiv Ana Sanayi ve Otomotiv\u00a0 Yan Sanayi \u00a0\u00fclkemizin \u00f6nemli temel ta\u015flar\u0131ndan biridir. Sekt\u00f6r i\u00e7in binek otomobil, otob\u00fcs, minib\u00fcs vb. \u00fcr\u00fcnlerin \u00fcretim hatlar\u0131n\u0131n \u00fcr\u00fcn montaj kurulumlar\u0131n\u0131n yan\u0131s\u0131ra otomotiv yan sanayi grubu i\u00e7erisinde bulunan lastikler, fren sistemleri ve par\u00e7alar\u0131, hidrolik ve pn\u00f6matik aksamlar gibi \u00fcr\u00fcn gruplar\u0131 i\u00e7in de komple montaj bantlar\u0131 \u00fcretmekteyiz.[\/vc_column_text][vc_text_separator title=&#8221;Uygulama Alanlar\u0131&#8221; css=&#8221;.vc_custom_1529321468075{margin-top: 50px !important;}&#8221;][vc_images_carousel images=&#8221;1032,1033,1034,1035,1036,1037,1038,1039,1040,1041,1042,938,1201,1202,1203&#8243; img_size=&#8221;400px&#8221; slides_per_view=&#8221;5&#8243; autoplay=&#8221;yes&#8221; hide_pagination_control=&#8221;yes&#8221; wrap=&#8221;yes&#8221;][\/vc_column][\/vc_row]<\/p>\n","protected":false},"excerpt":{"rendered":"<p>[vc_row full_width=&#8221;0&#8243; full_height=&#8221;0&#8243; row_padding=&#8221;no_top_padding&#8221; particles=&#8221;0&#8243;][vc_column][vc_single_image image=&#8221;746&#8243; img_size=&#8221;full&#8221; alignment=&#8221;center&#8221; css=&#8221;.vc_custom_1529569317988{margin-bottom: 50px !important;}&#8221;][vc_column_text css=&#8221;.vc_custom_1537959083227{margin-bottom: 50px !important;}&#8221;] OTOMOT\u0130V SEKT\u00d6R\u00dc Otomotiv Ana Sanayi ve Otomotiv\u00a0 Yan Sanayi \u00a0\u00fclkemizin \u00f6nemli temel ta\u015flar\u0131ndan biridir. Sekt\u00f6r i\u00e7in binek otomobil, otob\u00fcs, minib\u00fcs vb. \u00fcr\u00fcnlerin \u00fcretim hatlar\u0131n\u0131n \u00fcr\u00fcn montaj kurulumlar\u0131n\u0131n yan\u0131s\u0131ra otomotiv yan sanayi grubu i\u00e7erisinde bulunan lastikler, fren sistemleri ve par\u00e7alar\u0131, hidrolik ve [&hellip;]<\/p>\n","protected":false},"author":1,"featured_media":0,"parent":0,"menu_order":0,"comment_status":"closed","ping_status":"closed","template":"","meta":{"footnotes":""},"class_list":["post-745","page","type-page","status-publish","hentry"],"_links":{"self":[{"href":"https:\/\/mimsan.com.tr\/tr\/wp-json\/wp\/v2\/pages\/745"}],"collection":[{"href":"https:\/\/mimsan.com.tr\/tr\/wp-json\/wp\/v2\/pages"}],"about":[{"href":"https:\/\/mimsan.com.tr\/tr\/wp-json\/wp\/v2\/types\/page"}],"author":[{"embeddable":true,"href":"https:\/\/mimsan.com.tr\/tr\/wp-json\/wp\/v2\/users\/1"}],"replies":[{"embeddable":true,"href":"https:\/\/mimsan.com.tr\/tr\/wp-json\/wp\/v2\/comments?post=745"}],"version-history":[{"count":7,"href":"https:\/\/mimsan.com.tr\/tr\/wp-json\/wp\/v2\/pages\/745\/revisions"}],"predecessor-version":[{"id":1824,"href":"https:\/\/mimsan.com.tr\/tr\/wp-json\/wp\/v2\/pages\/745\/revisions\/1824"}],"wp:attachment":[{"href":"https:\/\/mimsan.com.tr\/tr\/wp-json\/wp\/v2\/media?parent=745"}],"curies":[{"name":"wp","href":"https:\/\/api.w.org\/{rel}","templated":true}]}}